{"id":111,"date":"2024-02-05T19:14:42","date_gmt":"2024-02-05T18:14:42","guid":{"rendered":"https:\/\/stb-dr-roth.com\/?page_id=111"},"modified":"2024-02-24T08:55:04","modified_gmt":"2024-02-24T07:55:04","slug":"leistungen","status":"publish","type":"page","link":"https:\/\/stb-dr-roth.com\/?page_id=111","title":{"rendered":"Steuerberatung"},"content":{"rendered":"\n<h4 class=\"wp-block-heading\">Steuerliche Gestaltung<\/h4>\n\n\n\n<ul class=\"wp-block-list\"><li>Entwicklung von Strategien zur Gr\u00fcndungs- und Umwandlungsberatung<\/li><li>Steuerbelastungsvergleiche und Rechtsformwahl<\/li><li>Unternehmensnachfolge und -sicherung<\/li><li>Steuerliche Gestaltung von letztwilligen Verf\u00fcgungen, Schenkungen sowie \u00dcbertragungen im Wege der vorweggenommenen Erbfolge<\/li><\/ul>\n\n\n\n<h4 class=\"wp-block-heading\">Steuererkl\u00e4rungen und Jahresabschl\u00fcsse<\/h4>\n\n\n\n<ul class=\"wp-block-list\"><li>S\u00e4mtliche Steuererkl\u00e4rungen f\u00fcr Unternehmen aller Rechtsformen und Privatpersonen<\/li><li>Handels- und Steuerbilanzen sowie Gewinnermittlungen f\u00fcr alle Branchen und Rechtsformen<\/li><li>Meldung und Ver\u00f6ffentlichung im Unternehmensregister (ehemals elektronischer Bundesanzeiger f\u00fcr GmbH etc.)<\/li><li>auch mit Plausibilit\u00e4tspr\u00fcfung zur Vorlage bei Kreditinstituten<\/li><li>Antr\u00e4ge auf Investitionszulage<\/li><li>Eingetragene Vereine &#8211; Erlangung und Erhaltung der Gemeinn\u00fctzigkeit<\/li><li>Erbschafts- und Schenkungssteuererkl\u00e4rungen<\/li><\/ul>\n\n\n\n<h4 class=\"wp-block-heading\">Steuerrechtsdurchsetzung<\/h4>\n\n\n\n<ul class=\"wp-block-list\"><li>Stellungnahme zu R\u00fcckfragen und Anfragen der Finanzbeh\u00f6rden<\/li><li>Pr\u00fcfung von Steuerbescheiden<\/li><li>Rechtsbehelfsverfahren beim Finanzamt und Finanzgericht<\/li><li>Bu\u00dfgeldverfahren und Steuerstrafsachen<\/li><li>Unterst\u00fctzung bei Betriebspr\u00fcfungen<\/li><li>Umsatzsteuersonderpr\u00fcfungen und Rentenversicherungspr\u00fcfungen<\/li><\/ul>\n\n\n\n<p><\/p>\n","protected":false},"excerpt":{"rendered":"<p>Steuerliche Gestaltung Entwicklung von Strategien zur Gr\u00fcndungs- und Umwandlungsberatung Steuerbelastungsvergleiche und Rechtsformwahl Unternehmensnachfolge und -sicherung Steuerliche Gestaltung von letztwilligen Verf\u00fcgungen, Schenkungen sowie \u00dcbertragungen im Wege der vorweggenommenen Erbfolge Steuererkl\u00e4rungen und Jahresabschl\u00fcsse S\u00e4mtliche Steuererkl\u00e4rungen f\u00fcr Unternehmen aller Rechtsformen und Privatpersonen Handels- und Steuerbilanzen sowie Gewinnermittlungen f\u00fcr alle Branchen und Rechtsformen Meldung und Ver\u00f6ffentlichung im Unternehmensregister (ehemals &hellip; <\/p>\n<p class=\"link-more\"><a href=\"https:\/\/stb-dr-roth.com\/?page_id=111\" class=\"more-link\"><span class=\"screen-reader-text\">\u201eSteuerberatung\u201c<\/span> weiterlesen<\/a><\/p>\n","protected":false},"author":1,"featured_media":0,"parent":0,"menu_order":0,"comment_status":"closed","ping_status":"closed","template":"","meta":{"footnotes":""},"class_list":["post-111","page","type-page","status-publish","hentry","entry"],"_links":{"self":[{"href":"https:\/\/stb-dr-roth.com\/index.php?rest_route=\/wp\/v2\/pages\/111","targetHints":{"allow":["GET"]}}],"collection":[{"href":"https:\/\/stb-dr-roth.com\/index.php?rest_route=\/wp\/v2\/pages"}],"about":[{"href":"https:\/\/stb-dr-roth.com\/index.php?rest_route=\/wp\/v2\/types\/page"}],"author":[{"embeddable":true,"href":"https:\/\/stb-dr-roth.com\/index.php?rest_route=\/wp\/v2\/users\/1"}],"replies":[{"embeddable":true,"href":"https:\/\/stb-dr-roth.com\/index.php?rest_route=%2Fwp%2Fv2%2Fcomments&post=111"}],"version-history":[{"count":8,"href":"https:\/\/stb-dr-roth.com\/index.php?rest_route=\/wp\/v2\/pages\/111\/revisions"}],"predecessor-version":[{"id":187,"href":"https:\/\/stb-dr-roth.com\/index.php?rest_route=\/wp\/v2\/pages\/111\/revisions\/187"}],"wp:attachment":[{"href":"https:\/\/stb-dr-roth.com\/index.php?rest_route=%2Fwp%2Fv2%2Fmedia&parent=111"}],"curies":[{"name":"wp","href":"https:\/\/api.w.org\/{rel}","templated":true}]}}