{"id":118,"date":"2024-02-05T20:27:07","date_gmt":"2024-02-05T19:27:07","guid":{"rendered":"https:\/\/stb-dr-roth.com\/?page_id=118"},"modified":"2024-02-24T08:48:45","modified_gmt":"2024-02-24T07:48:45","slug":"rechnungswesen-2","status":"publish","type":"page","link":"https:\/\/stb-dr-roth.com\/?page_id=118","title":{"rendered":"Rechnungswesen"},"content":{"rendered":"\n<h4 class=\"wp-block-heading\">Finanzbuchf\u00fchrung und Betriebsbuchf\u00fchrung<\/h4>\n\n\n\n<p>Wir erstellen f\u00fcr Sie die komplette Finanzbuchhaltung unter Ber\u00fccksichtigung aller gesetzlicher und betriebsindividueller Vorgaben. Dabei bieten wir Ihnen ein auf Ihre W\u00fcnsche und Belange zugeschnittenes Leistungspaket an. Wir erledigen f\u00fcr Sie Aufgaben wie Belegabholung, Belegaufbereitung, Buchf\u00fchrung, Umsatzsteuervoranmeldung und fristgerechte Abgabe der Erkl\u00e4rung beim Finanzamt.<\/p>\n\n\n\n<p>Im Rahmen der Betriebsbuchf\u00fchrung erledigen wir f\u00fcr Sie Aufgaben wie Kostenrechnung, Statistik und Kalkulation.<\/p>\n\n\n\n<p>Sollten sie Ihre Buchhaltung selbst erstellen, k\u00f6nnen wir sie dabei mit entsprechender Software sowie fachlich unterst\u00fctzen und auch aus Eigenbuchf\u00fchrungen Jahresabschl\u00fcsse entwickeln.<\/p>\n\n\n\n<p><\/p>\n\n\n\n<h4 class=\"wp-block-heading\">Betriebswirtschaftliche Auswertung<\/h4>\n\n\n\n<p>Im Rahmen der betriebswirtschaftlichen Auswertung ermitteln wir f\u00fcr Sie alle wichtigen Kennziffern<\/p>\n\n\n\n<ul class=\"wp-block-list\"><li>Kurzfristige Erfolgsrechnung<\/li><li>Liquidit\u00e4ts\u00fcbersicht<\/li><li>Chef\u00fcbersichten<\/li><li>Betriebsvergleiche intern und extern Unternehmensanalyse<\/li><\/ul>\n\n\n\n<h4 class=\"wp-block-heading\">Personalwesen<\/h4>\n\n\n\n<p>Wir \u00fcbernehmen f\u00fcr Sie Lohn- und Gehaltsabrechnungen, inklusive fristgerechter Meldung an Finanzamt, Krankenkasse und Berufsgenossenschaft. Dazu geh\u00f6ren auch Abrechnungen von Baulohn und Kurzarbeitergeld. Zusammen mit Ihnen ermitteln wir Strategien zur Minimierung von Lohnsteuer und Sozialversicherungsbeitr\u00e4gen. Auf Wunsch \u00fcbernehmen wir alle Personalverwaltungst\u00e4tigkeiten. Au\u00dferdem unterst\u00fctzen wir bei Sozialversicherungs-, Berufsgenossenschaft- und Zollpr\u00fcfung. <\/p>\n","protected":false},"excerpt":{"rendered":"<p>Finanzbuchf\u00fchrung und Betriebsbuchf\u00fchrung Wir erstellen f\u00fcr Sie die komplette Finanzbuchhaltung unter Ber\u00fccksichtigung aller gesetzlicher und betriebsindividueller Vorgaben. Dabei bieten wir Ihnen ein auf Ihre W\u00fcnsche und Belange zugeschnittenes Leistungspaket an. Wir erledigen f\u00fcr Sie Aufgaben wie Belegabholung, Belegaufbereitung, Buchf\u00fchrung, Umsatzsteuervoranmeldung und fristgerechte Abgabe der Erkl\u00e4rung beim Finanzamt. Im Rahmen der Betriebsbuchf\u00fchrung erledigen wir f\u00fcr Sie &hellip; <\/p>\n<p class=\"link-more\"><a href=\"https:\/\/stb-dr-roth.com\/?page_id=118\" class=\"more-link\"><span class=\"screen-reader-text\">\u201eRechnungswesen\u201c<\/span> weiterlesen<\/a><\/p>\n","protected":false},"author":1,"featured_media":0,"parent":0,"menu_order":0,"comment_status":"closed","ping_status":"closed","template":"","meta":{"footnotes":""},"class_list":["post-118","page","type-page","status-publish","hentry","entry"],"_links":{"self":[{"href":"https:\/\/stb-dr-roth.com\/index.php?rest_route=\/wp\/v2\/pages\/118","targetHints":{"allow":["GET"]}}],"collection":[{"href":"https:\/\/stb-dr-roth.com\/index.php?rest_route=\/wp\/v2\/pages"}],"about":[{"href":"https:\/\/stb-dr-roth.com\/index.php?rest_route=\/wp\/v2\/types\/page"}],"author":[{"embeddable":true,"href":"https:\/\/stb-dr-roth.com\/index.php?rest_route=\/wp\/v2\/users\/1"}],"replies":[{"embeddable":true,"href":"https:\/\/stb-dr-roth.com\/index.php?rest_route=%2Fwp%2Fv2%2Fcomments&post=118"}],"version-history":[{"count":6,"href":"https:\/\/stb-dr-roth.com\/index.php?rest_route=\/wp\/v2\/pages\/118\/revisions"}],"predecessor-version":[{"id":178,"href":"https:\/\/stb-dr-roth.com\/index.php?rest_route=\/wp\/v2\/pages\/118\/revisions\/178"}],"wp:attachment":[{"href":"https:\/\/stb-dr-roth.com\/index.php?rest_route=%2Fwp%2Fv2%2Fmedia&parent=118"}],"curies":[{"name":"wp","href":"https:\/\/api.w.org\/{rel}","templated":true}]}}