{"id":129,"date":"2024-02-05T20:41:28","date_gmt":"2024-02-05T19:41:28","guid":{"rendered":"https:\/\/stb-dr-roth.com\/?page_id=129"},"modified":"2024-02-24T08:50:17","modified_gmt":"2024-02-24T07:50:17","slug":"weitere-leistungen-2","status":"publish","type":"page","link":"https:\/\/stb-dr-roth.com\/?page_id=129","title":{"rendered":"Weitere Leistungen"},"content":{"rendered":"\n<h4 class=\"wp-block-heading\">Unsere Zusatzleistungen f\u00fcr Sie <\/h4>\n\n\n\n<ul class=\"wp-block-list\"><li>Jahresabschl\u00fcsse f\u00fcr wirtschaftliche und gemeinn\u00fctzige Vereine<\/li><li>Land- und forstwirtschaftliche Buchf\u00fchrungen und Jahresabschl\u00fcsse<\/li><li>Erstellung von Jahresabschl\u00fcssen nach BMELV<\/li><\/ul>\n\n\n\n<h4 class=\"wp-block-heading\">Spezielle Branchenkenntnisse<\/h4>\n\n\n\n<ul class=\"wp-block-list\"><li>Vereine (wirtschaftliche sowie gemeinn\u00fctzige Vereine)<\/li><li>Garten- und Landschaftsbau<\/li><li>Handels- und Dienstleistungsunternehmen<\/li><li>Freiberufliche Unternehmen (Notariat, \u00c4rzte, Ingenieure)<\/li><li>Bauhaupt- und Baunebengewerbe<\/li><li>Landwirtschaftliche Betriebe<\/li><li>Forstwirtschaftliche Betriebe<\/li><\/ul>\n","protected":false},"excerpt":{"rendered":"<p>Unsere Zusatzleistungen f\u00fcr Sie Jahresabschl\u00fcsse f\u00fcr wirtschaftliche und gemeinn\u00fctzige Vereine Land- und forstwirtschaftliche Buchf\u00fchrungen und Jahresabschl\u00fcsse Erstellung von Jahresabschl\u00fcssen nach BMELV Spezielle Branchenkenntnisse Vereine (wirtschaftliche sowie gemeinn\u00fctzige Vereine) Garten- und Landschaftsbau Handels- und Dienstleistungsunternehmen Freiberufliche Unternehmen (Notariat, \u00c4rzte, Ingenieure) Bauhaupt- und Baunebengewerbe Landwirtschaftliche Betriebe Forstwirtschaftliche Betriebe<\/p>\n","protected":false},"author":1,"featured_media":0,"parent":0,"menu_order":0,"comment_status":"closed","ping_status":"closed","template":"","meta":{"footnotes":""},"class_list":["post-129","page","type-page","status-publish","hentry","entry"],"_links":{"self":[{"href":"https:\/\/stb-dr-roth.com\/index.php?rest_route=\/wp\/v2\/pages\/129","targetHints":{"allow":["GET"]}}],"collection":[{"href":"https:\/\/stb-dr-roth.com\/index.php?rest_route=\/wp\/v2\/pages"}],"about":[{"href":"https:\/\/stb-dr-roth.com\/index.php?rest_route=\/wp\/v2\/types\/page"}],"author":[{"embeddable":true,"href":"https:\/\/stb-dr-roth.com\/index.php?rest_route=\/wp\/v2\/users\/1"}],"replies":[{"embeddable":true,"href":"https:\/\/stb-dr-roth.com\/index.php?rest_route=%2Fwp%2Fv2%2Fcomments&post=129"}],"version-history":[{"count":4,"href":"https:\/\/stb-dr-roth.com\/index.php?rest_route=\/wp\/v2\/pages\/129\/revisions"}],"predecessor-version":[{"id":180,"href":"https:\/\/stb-dr-roth.com\/index.php?rest_route=\/wp\/v2\/pages\/129\/revisions\/180"}],"wp:attachment":[{"href":"https:\/\/stb-dr-roth.com\/index.php?rest_route=%2Fwp%2Fv2%2Fmedia&parent=129"}],"curies":[{"name":"wp","href":"https:\/\/api.w.org\/{rel}","templated":true}]}}