{"id":67,"date":"2024-02-05T05:38:25","date_gmt":"2024-02-05T04:38:25","guid":{"rendered":"https:\/\/stb-dr-roth.com\/?page_id=67"},"modified":"2024-02-24T18:38:04","modified_gmt":"2024-02-24T17:38:04","slug":"impressum","status":"publish","type":"page","link":"https:\/\/stb-dr-roth.com\/?page_id=67","title":{"rendered":"Impressum"},"content":{"rendered":"<div class=\"wp-block-image\">\n<figure class=\"aligncenter size-full is-resized\"><img loading=\"lazy\" decoding=\"async\" width=\"950\" height=\"950\" src=\"https:\/\/stb-dr-roth.com\/wp-content\/uploads\/2024\/02\/SW_Logo-1.jpg\" alt=\"\" class=\"wp-image-158\" style=\"width:261px;height:261px\" srcset=\"https:\/\/stb-dr-roth.com\/wp-content\/uploads\/2024\/02\/SW_Logo-1.jpg 950w, https:\/\/stb-dr-roth.com\/wp-content\/uploads\/2024\/02\/SW_Logo-1-300x300.jpg 300w, https:\/\/stb-dr-roth.com\/wp-content\/uploads\/2024\/02\/SW_Logo-1-150x150.jpg 150w, https:\/\/stb-dr-roth.com\/wp-content\/uploads\/2024\/02\/SW_Logo-1-768x768.jpg 768w\" sizes=\"auto, (max-width: 950px) 100vw, 950px\" \/><\/figure>\n<\/div>\n\n\n<h3 class=\"wp-block-heading\"><strong>Dr. Roth Steuerberatungsgesellschaft mbH<\/strong><\/h3>\n\n\n\n<h3 class=\"wp-block-heading\">Kontaktdaten<\/h3>\n\n\n\n<h4 class=\"wp-block-heading\">Friedensstra\u00dfe 35, D-39619 Arendsee<\/h4>\n\n\n\n<h4 class=\"wp-block-heading\"><a href=\"mailto:arendsee@stb-dr-roth.de\">arendsee@stb-dr-roth.de<\/a><\/h4>\n\n\n\n<h4 class=\"wp-block-heading\"><a href=\"http:\/\/www.stb-dr-roth.de\">www.stb-dr-roth.de<\/a> <\/h4>\n\n\n\n<h4 class=\"wp-block-heading\"><strong>Telefon: <\/strong>+49 (0) 39384 98 75 90<\/h4>\n\n\n\n<h4 class=\"wp-block-heading\"><strong>Fax<\/strong>: +49 (0) 39384 98 75 99<\/h4>\n\n\n\n<h3 class=\"wp-block-heading\">Bankverbindung<\/h3>\n\n\n\n<h4 class=\"wp-block-heading\">Volksbank &#8211; IBAN: DE77 2586 3489 4510 5871 00<\/h4>\n\n\n\n<h3 class=\"wp-block-heading\">Registergericht Stendal<\/h3>\n\n\n\n<h4 class=\"wp-block-heading\">HRB 2793<\/h4>\n\n\n\n<h3 class=\"wp-block-heading\">Finanzamt Salzwedel<\/h3>\n\n\n\n<h4 class=\"wp-block-heading\">St.-Nr. 106\/107\/00174<\/h4>\n\n\n\n<h3 class=\"wp-block-heading\">Verweise und Links<\/h3>\n\n\n\n<pre class=\"wp-block-preformatted\">Es wird keine Haftung f\u00fcr den Inhalt von verlinkten Webseiten \u00fcbernommen, die au\u00dferhalb des Verantwortungsbereiches der Dr. Roth Steuerberatungsgesellschaft mbH liegen.<\/pre>\n\n\n\n<div data-wp-interactive=\"core\/file\" class=\"wp-block-file\"><object data-wp-bind--hidden=\"!state.hasPdfPreview\" hidden class=\"wp-block-file__embed\" data=\"https:\/\/stb-dr-roth.com\/wp-content\/uploads\/2024\/02\/stb-dr-roth.de-Datenschutzerklaerung.pdf\" type=\"application\/pdf\" style=\"width:100%;height:600px\" aria-label=\"Einbettung von stb-dr-roth.de-Datenschutzerklaerung.\"><\/object><a id=\"wp-block-file--media-ba193849-ec49-4d35-99e3-9e52d98199de\" href=\"https:\/\/stb-dr-roth.com\/wp-content\/uploads\/2024\/02\/stb-dr-roth.de-Datenschutzerklaerung.pdf\">stb-dr-roth.de-Datenschutzerklaerung<\/a><a href=\"https:\/\/stb-dr-roth.com\/wp-content\/uploads\/2024\/02\/stb-dr-roth.de-Datenschutzerklaerung.pdf\" class=\"wp-block-file__button wp-element-button\" download aria-describedby=\"wp-block-file--media-ba193849-ec49-4d35-99e3-9e52d98199de\">Herunterladen<\/a><\/div>\n","protected":false},"excerpt":{"rendered":"<p>Dr. Roth Steuerberatungsgesellschaft mbH Kontaktdaten Friedensstra\u00dfe 35, D-39619 Arendsee arendsee@stb-dr-roth.de www.stb-dr-roth.de Telefon: +49 (0) 39384 98 75 90 Fax: +49 (0) 39384 98 75 99 Bankverbindung Volksbank &#8211; IBAN: DE77 2586 3489 4510 5871 00 Registergericht Stendal HRB 2793 Finanzamt Salzwedel St.-Nr. 106\/107\/00174 Verweise und Links Es wird keine Haftung f\u00fcr den Inhalt von verlinkten &hellip; <\/p>\n<p class=\"link-more\"><a href=\"https:\/\/stb-dr-roth.com\/?page_id=67\" class=\"more-link\"><span class=\"screen-reader-text\">\u201eImpressum\u201c<\/span> weiterlesen<\/a><\/p>\n","protected":false},"author":1,"featured_media":0,"parent":0,"menu_order":1,"comment_status":"closed","ping_status":"closed","template":"","meta":{"footnotes":""},"class_list":["post-67","page","type-page","status-publish","hentry","entry"],"_links":{"self":[{"href":"https:\/\/stb-dr-roth.com\/index.php?rest_route=\/wp\/v2\/pages\/67","targetHints":{"allow":["GET"]}}],"collection":[{"href":"https:\/\/stb-dr-roth.com\/index.php?rest_route=\/wp\/v2\/pages"}],"about":[{"href":"https:\/\/stb-dr-roth.com\/index.php?rest_route=\/wp\/v2\/types\/page"}],"author":[{"embeddable":true,"href":"https:\/\/stb-dr-roth.com\/index.php?rest_route=\/wp\/v2\/users\/1"}],"replies":[{"embeddable":true,"href":"https:\/\/stb-dr-roth.com\/index.php?rest_route=%2Fwp%2Fv2%2Fcomments&post=67"}],"version-history":[{"count":6,"href":"https:\/\/stb-dr-roth.com\/index.php?rest_route=\/wp\/v2\/pages\/67\/revisions"}],"predecessor-version":[{"id":195,"href":"https:\/\/stb-dr-roth.com\/index.php?rest_route=\/wp\/v2\/pages\/67\/revisions\/195"}],"wp:attachment":[{"href":"https:\/\/stb-dr-roth.com\/index.php?rest_route=%2Fwp%2Fv2%2Fmedia&parent=67"}],"curies":[{"name":"wp","href":"https:\/\/api.w.org\/{rel}","templated":true}]}}