{"id":75,"date":"2024-01-26T22:35:00","date_gmt":"2024-01-26T21:35:00","guid":{"rendered":"https:\/\/stb-dr-roth.com\/?page_id=75"},"modified":"2024-05-06T16:56:46","modified_gmt":"2024-05-06T14:56:46","slug":"das-unternehmen","status":"publish","type":"page","link":"https:\/\/stb-dr-roth.com\/","title":{"rendered":"Dr. Roth Steuerberatung"},"content":{"rendered":"<div class=\"wp-block-image\">\n<figure class=\"aligncenter size-full is-resized\"><img loading=\"lazy\" decoding=\"async\" width=\"950\" height=\"950\" src=\"https:\/\/stb-dr-roth.com\/wp-content\/uploads\/2024\/02\/SW_Logo.jpg\" alt=\"\" class=\"wp-image-156\" style=\"width:188px;height:188px\" srcset=\"https:\/\/stb-dr-roth.com\/wp-content\/uploads\/2024\/02\/SW_Logo.jpg 950w, https:\/\/stb-dr-roth.com\/wp-content\/uploads\/2024\/02\/SW_Logo-300x300.jpg 300w, https:\/\/stb-dr-roth.com\/wp-content\/uploads\/2024\/02\/SW_Logo-150x150.jpg 150w, https:\/\/stb-dr-roth.com\/wp-content\/uploads\/2024\/02\/SW_Logo-768x768.jpg 768w\" sizes=\"auto, (max-width: 950px) 100vw, 950px\" \/><\/figure>\n<\/div>\n\n\n<p>Seit 1998 unterst\u00fctzen wir bei der Steuergestaltung und entlasten von aufwendigen Buchhaltungsaufgaben. <\/p>\n\n\n\n<h4 class=\"wp-block-heading\">Kontakt<\/h4>\n\n\n\n<p>Dr. Roth Steuerberatungsgesellschaft mbH<br>Friedensstr. 35<br>D-39619 Arendsee<\/p>\n\n\n\n<p>Telefon: +49 (0) 39384 98 75 90<\/p>\n\n\n\n<p>Mail: <a href=\"mailto:arendsee@stb-dr-roth.de\">arendsee@stb-dr-roth.de<\/a> <\/p>\n\n\n\n<figure class=\"wp-block-image size-full\"><img loading=\"lazy\" decoding=\"async\" width=\"2560\" height=\"1920\" src=\"https:\/\/stb-dr-roth.com\/wp-content\/uploads\/2024\/05\/20240504_160954-scaled.jpg\" alt=\"\" class=\"wp-image-208\" srcset=\"https:\/\/stb-dr-roth.com\/wp-content\/uploads\/2024\/05\/20240504_160954-scaled.jpg 2560w, https:\/\/stb-dr-roth.com\/wp-content\/uploads\/2024\/05\/20240504_160954-300x225.jpg 300w, https:\/\/stb-dr-roth.com\/wp-content\/uploads\/2024\/05\/20240504_160954-1024x768.jpg 1024w, https:\/\/stb-dr-roth.com\/wp-content\/uploads\/2024\/05\/20240504_160954-768x576.jpg 768w, https:\/\/stb-dr-roth.com\/wp-content\/uploads\/2024\/05\/20240504_160954-1536x1152.jpg 1536w, https:\/\/stb-dr-roth.com\/wp-content\/uploads\/2024\/05\/20240504_160954-2048x1536.jpg 2048w, https:\/\/stb-dr-roth.com\/wp-content\/uploads\/2024\/05\/20240504_160954-1568x1176.jpg 1568w\" sizes=\"auto, (max-width: 2560px) 100vw, 2560px\" \/><figcaption class=\"wp-element-caption\">Eingang unserer Gesch\u00e4ftsr\u00e4ume in der Friedensstra\u00dfe 35, 39619 Arendsee (Zufahrt zum Parkplatz zwischen B\u00fcrogeb\u00e4ude und Volksbank)<\/figcaption><\/figure>\n\n\n\n<p><\/p>\n\n\n\n<p><\/p>\n","protected":false},"excerpt":{"rendered":"<p>Seit 1998 unterst\u00fctzen wir bei der Steuergestaltung und entlasten von aufwendigen Buchhaltungsaufgaben. Kontakt Dr. Roth Steuerberatungsgesellschaft mbHFriedensstr. 35D-39619 Arendsee Telefon: +49 (0) 39384 98 75 90 Mail: arendsee@stb-dr-roth.de<\/p>\n","protected":false},"author":1,"featured_media":0,"parent":0,"menu_order":0,"comment_status":"closed","ping_status":"closed","template":"","meta":{"footnotes":""},"class_list":["post-75","page","type-page","status-publish","hentry","entry"],"_links":{"self":[{"href":"https:\/\/stb-dr-roth.com\/index.php?rest_route=\/wp\/v2\/pages\/75","targetHints":{"allow":["GET"]}}],"collection":[{"href":"https:\/\/stb-dr-roth.com\/index.php?rest_route=\/wp\/v2\/pages"}],"about":[{"href":"https:\/\/stb-dr-roth.com\/index.php?rest_route=\/wp\/v2\/types\/page"}],"author":[{"embeddable":true,"href":"https:\/\/stb-dr-roth.com\/index.php?rest_route=\/wp\/v2\/users\/1"}],"replies":[{"embeddable":true,"href":"https:\/\/stb-dr-roth.com\/index.php?rest_route=%2Fwp%2Fv2%2Fcomments&post=75"}],"version-history":[{"count":13,"href":"https:\/\/stb-dr-roth.com\/index.php?rest_route=\/wp\/v2\/pages\/75\/revisions"}],"predecessor-version":[{"id":209,"href":"https:\/\/stb-dr-roth.com\/index.php?rest_route=\/wp\/v2\/pages\/75\/revisions\/209"}],"wp:attachment":[{"href":"https:\/\/stb-dr-roth.com\/index.php?rest_route=%2Fwp%2Fv2%2Fmedia&parent=75"}],"curies":[{"name":"wp","href":"https:\/\/api.w.org\/{rel}","templated":true}]}}